{"id":6,"date":"2023-12-07T16:08:57","date_gmt":"2023-12-07T15:08:57","guid":{"rendered":"https:\/\/antiegos.at\/?page_id=6"},"modified":"2025-04-17T16:37:32","modified_gmt":"2025-04-17T14:37:32","slug":"startseite","status":"publish","type":"page","link":"https:\/\/www.antiegos.at\/","title":{"rendered":"Unser Codex"},"content":{"rendered":"<div class=\"wp-block-image is-style-default\">\n<figure class=\"aligncenter size-large is-resized\"><img loading=\"lazy\" decoding=\"async\" width=\"1024\" height=\"419\" src=\"https:\/\/www.antiegos.at\/wp-content\/uploads\/2023\/12\/HeaderAntiEgos-1024x419.jpg\" alt=\"\" class=\"wp-image-576\" style=\"width:854px;height:auto\" srcset=\"https:\/\/www.antiegos.at\/wp-content\/uploads\/2023\/12\/HeaderAntiEgos-1024x419.jpg 1024w, https:\/\/www.antiegos.at\/wp-content\/uploads\/2023\/12\/HeaderAntiEgos-300x123.jpg 300w, https:\/\/www.antiegos.at\/wp-content\/uploads\/2023\/12\/HeaderAntiEgos-768x314.jpg 768w, https:\/\/www.antiegos.at\/wp-content\/uploads\/2023\/12\/HeaderAntiEgos-1536x628.jpg 1536w, https:\/\/www.antiegos.at\/wp-content\/uploads\/2023\/12\/HeaderAntiEgos.jpg 1980w\" sizes=\"auto, (max-width: 1024px) 100vw, 1024px\" \/><\/figure>\n<\/div>\n\n\n<h2 class=\"wp-block-heading has-text-align-center\"><em><strong>AntiEgos \u2013 UNSER KODEX<\/strong><\/em><\/h2>\n\n\n\n<p class=\"has-text-align-center has-medium-font-size\"><strong>A<\/strong>ll unsere Mitglieder stehen f\u00fcr Solidarit\u00e4t und Respekt ein. Als Club sind wir mehr als nur eine Gemeinschaft. Wir sind eine Familie! Der Schutz und die Unterst\u00fctzung f\u00fcreinander bilden den Kern unseres Zusammenhalts.<\/p>\n\n\n\n<p class=\"has-text-align-center has-medium-font-size\"><strong>N<\/strong>iemals steht Egoismus im Vordergrund. Die AntiEgos verpflichten sich, einander zu achten und die gemeinsamen Werte zu leben \u2013 von Kameradschaft \u00fcber Ehrlichkeit bis hin zur Verantwortung.<\/p>\n\n\n\n<p class=\"has-text-align-center has-medium-font-size\"><strong>T<\/strong>oleranz ist ein unverzichtbarer Bestandteil unseres Clubs. Unterschiede in Pers\u00f6nlichkeit, Herkunft oder Meinung bereichern uns und f\u00f6rdern den respektvollen Umgang miteinander.<\/p>\n\n\n\n<p class=\"has-text-align-center has-medium-font-size\"><strong>I<\/strong>n Konflikten halten wir stets das Gemeinwohl im Blick. Pers\u00f6nliche Angelegenheiten d\u00fcrfen den Club nicht beeintr\u00e4chtigen \u2013 stattdessen finden wir L\u00f6sungen, die auf Kommunikation und Verst\u00e4ndnis basieren.<\/p>\n\n\n\n<p class=\"has-text-align-center has-medium-font-size\"><strong>E<\/strong>hrlichkeit und Offenheit sind die Grundlagen unserer Interaktion. Wir sprechen miteinander, nicht \u00fcbereinander, und bauen so Vertrauen und eine starke Verbindung auf.<\/p>\n\n\n\n<p class=\"has-text-align-center has-medium-font-size\"><strong>G<\/strong>emeinsam schaffen wir eine Umgebung, in der sich alle Mitglieder wohlf\u00fchlen und entfalten k\u00f6nnen. Unser freundliches Miteinander ist das Fundament f\u00fcr eine harmonische Clubkultur.<\/p>\n\n\n\n<p class=\"has-text-align-center has-medium-font-size\"><strong>O<\/strong>rdnung und Struktur geben uns Stabilit\u00e4t. Die klar definierten Rollen und Aufgaben innerhalb des Clubs stellen sicher, dass jeder seinen Platz hat und Verantwortung \u00fcbernehmen kann.<\/p>\n\n\n\n<p class=\"has-text-align-center has-medium-font-size\"><strong>S<\/strong>icherheit ist nicht nur auf der Stra\u00dfe wichtig. Wir stehen f\u00fcreinander ein \u2013 ob als Freunde, Br\u00fcder und Schwestern oder als Mitglieder eines Clubs, der Zusammenhalt \u00fcber alles stellt.<\/p>\n\n\n\n<div style=\"height:10px\" aria-hidden=\"true\" class=\"wp-block-spacer\"><\/div>\n\n\n<div class=\"wp-block-image\">\n<figure class=\"aligncenter size-medium\"><img loading=\"lazy\" decoding=\"async\" width=\"300\" height=\"300\" src=\"https:\/\/www.antiegos.at\/wp-content\/uploads\/2023\/12\/cropped-cropped-AntiEgosLogoSchatten-300x300.png\" alt=\"\" class=\"wp-image-45\" srcset=\"https:\/\/www.antiegos.at\/wp-content\/uploads\/2023\/12\/cropped-cropped-AntiEgosLogoSchatten-300x300.png 300w, https:\/\/www.antiegos.at\/wp-content\/uploads\/2023\/12\/cropped-cropped-AntiEgosLogoSchatten-150x150.png 150w, https:\/\/www.antiegos.at\/wp-content\/uploads\/2023\/12\/cropped-cropped-AntiEgosLogoSchatten-270x270.png 270w, https:\/\/www.antiegos.at\/wp-content\/uploads\/2023\/12\/cropped-cropped-AntiEgosLogoSchatten-192x192.png 192w, https:\/\/www.antiegos.at\/wp-content\/uploads\/2023\/12\/cropped-cropped-AntiEgosLogoSchatten-180x180.png 180w, https:\/\/www.antiegos.at\/wp-content\/uploads\/2023\/12\/cropped-cropped-AntiEgosLogoSchatten-32x32.png 32w, https:\/\/www.antiegos.at\/wp-content\/uploads\/2023\/12\/cropped-cropped-AntiEgosLogoSchatten.png 512w\" sizes=\"auto, (max-width: 300px) 100vw, 300px\" \/><\/figure>\n<\/div>","protected":false},"excerpt":{"rendered":"<p>AntiEgos \u2013 UNSER KODEX All unsere Mitglieder stehen f\u00fcr Solidarit\u00e4t und Respekt ein. Als Club sind wir mehr als nur eine Gemeinschaft. Wir sind eine Familie! Der Schutz und die [&hellip;]<\/p>\n","protected":false},"author":1,"featured_media":0,"parent":0,"menu_order":0,"comment_status":"closed","ping_status":"closed","template":"","meta":{"footnotes":""},"class_list":["post-6","page","type-page","status-publish","hentry"],"_links":{"self":[{"href":"https:\/\/www.antiegos.at\/index.php?rest_route=\/wp\/v2\/pages\/6","targetHints":{"allow":["GET"]}}],"collection":[{"href":"https:\/\/www.antiegos.at\/index.php?rest_route=\/wp\/v2\/pages"}],"about":[{"href":"https:\/\/www.antiegos.at\/index.php?rest_route=\/wp\/v2\/types\/page"}],"author":[{"embeddable":true,"href":"https:\/\/www.antiegos.at\/index.php?rest_route=\/wp\/v2\/users\/1"}],"replies":[{"embeddable":true,"href":"https:\/\/www.antiegos.at\/index.php?rest_route=%2Fwp%2Fv2%2Fcomments&post=6"}],"version-history":[{"count":34,"href":"https:\/\/www.antiegos.at\/index.php?rest_route=\/wp\/v2\/pages\/6\/revisions"}],"predecessor-version":[{"id":1449,"href":"https:\/\/www.antiegos.at\/index.php?rest_route=\/wp\/v2\/pages\/6\/revisions\/1449"}],"wp:attachment":[{"href":"https:\/\/www.antiegos.at\/index.php?rest_route=%2Fwp%2Fv2%2Fmedia&parent=6"}],"curies":[{"name":"wp","href":"https:\/\/api.w.org\/{rel}","templated":true}]}}